{"id":6169,"date":"2018-10-19T14:16:31","date_gmt":"2018-10-19T14:16:31","guid":{"rendered":"http:\/\/bluepoint.com.ro\/new\/product\/vertical-ramoku\/"},"modified":"2018-10-20T14:43:46","modified_gmt":"2018-10-20T14:43:46","slug":"vertical-ramoku","status":"publish","type":"product","link":"https:\/\/bluepoint.in-it.ro\/en\/produs\/vertical-ramoku\/","title":{"rendered":"VERTICAL RAMOKU"},"content":{"rendered":"","protected":false},"excerpt":{"rendered":"<p>Dimensions: 110 x 100 x 635<br \/>\nWire:  \u00d85, \u00d84, \u00d83<br \/>\nSheet: 0.8<\/p>\n","protected":false},"featured_media":6168,"template":"","meta":[],"_links":{"self":[{"href":"https:\/\/bluepoint.in-it.ro\/en\/wp-json\/wp\/v2\/product\/6169"}],"collection":[{"href":"https:\/\/bluepoint.in-it.ro\/en\/wp-json\/wp\/v2\/product"}],"about":[{"href":"https:\/\/bluepoint.in-it.ro\/en\/wp-json\/wp\/v2\/types\/product"}],"wp:featuredmedia":[{"embeddable":true,"href":"https:\/\/bluepoint.in-it.ro\/en\/wp-json\/wp\/v2\/media\/6168"}],"wp:attachment":[{"href":"https:\/\/bluepoint.in-it.ro\/en\/wp-json\/wp\/v2\/media?parent=6169"}],"curies":[{"name":"wp","href":"https:\/\/api.w.org\/{rel}","templated":true}]}}