{"id":6377,"date":"2018-10-23T08:06:49","date_gmt":"2018-10-23T08:06:49","guid":{"rendered":"http:\/\/bluepoint.com.ro\/new\/product\/medium-basket-with-liner\/"},"modified":"2018-10-23T08:14:00","modified_gmt":"2018-10-23T08:14:00","slug":"medium-basket-with-liner","status":"publish","type":"product","link":"https:\/\/bluepoint.in-it.ro\/en\/produs\/medium-basket-with-liner\/","title":{"rendered":"MEDIUM BASKET WITH LINER"},"content":{"rendered":"","protected":false},"excerpt":{"rendered":"<p>Dimensions: 600 x 350 x 140<br \/>\nWire: \u00d85, \u00d84, \u00d83<br \/>\nSheet: 0.8<\/p>\n","protected":false},"featured_media":6376,"template":"","meta":[],"_links":{"self":[{"href":"https:\/\/bluepoint.in-it.ro\/en\/wp-json\/wp\/v2\/product\/6377"}],"collection":[{"href":"https:\/\/bluepoint.in-it.ro\/en\/wp-json\/wp\/v2\/product"}],"about":[{"href":"https:\/\/bluepoint.in-it.ro\/en\/wp-json\/wp\/v2\/types\/product"}],"wp:featuredmedia":[{"embeddable":true,"href":"https:\/\/bluepoint.in-it.ro\/en\/wp-json\/wp\/v2\/media\/6376"}],"wp:attachment":[{"href":"https:\/\/bluepoint.in-it.ro\/en\/wp-json\/wp\/v2\/media?parent=6377"}],"curies":[{"name":"wp","href":"https:\/\/api.w.org\/{rel}","templated":true}]}}