{"id":6666,"date":"2018-10-25T10:59:45","date_gmt":"2018-10-25T10:59:45","guid":{"rendered":"http:\/\/bluepoint.com.ro\/new\/product\/4-sides-mixed-stand-with-pattern-and-accesories\/"},"modified":"2018-10-25T10:59:45","modified_gmt":"2018-10-25T10:59:45","slug":"4-sides-mixed-stand-with-pattern-and-accesories","status":"publish","type":"product","link":"https:\/\/bluepoint.in-it.ro\/en\/produs\/4-sides-mixed-stand-with-pattern-and-accesories\/","title":{"rendered":"4 SIDES MIXED STAND WITH PATTERN AND ACCESORIES"},"content":{"rendered":"","protected":false},"excerpt":{"rendered":"<p>Dimensions: 1700 x 730 x 630<br \/>\nWire: \u00d85, \u00d84, \u00d83<br \/>\nPipe: 20 x 20<br \/>\nSheet: 0.8<br \/>\nForex: 3<\/p>\n","protected":false},"featured_media":6665,"template":"","meta":[],"_links":{"self":[{"href":"https:\/\/bluepoint.in-it.ro\/en\/wp-json\/wp\/v2\/product\/6666"}],"collection":[{"href":"https:\/\/bluepoint.in-it.ro\/en\/wp-json\/wp\/v2\/product"}],"about":[{"href":"https:\/\/bluepoint.in-it.ro\/en\/wp-json\/wp\/v2\/types\/product"}],"wp:featuredmedia":[{"embeddable":true,"href":"https:\/\/bluepoint.in-it.ro\/en\/wp-json\/wp\/v2\/media\/6665"}],"wp:attachment":[{"href":"https:\/\/bluepoint.in-it.ro\/en\/wp-json\/wp\/v2\/media?parent=6666"}],"curies":[{"name":"wp","href":"https:\/\/api.w.org\/{rel}","templated":true}]}}